{"id":119,"date":"2025-02-14T18:12:17","date_gmt":"2025-02-14T17:12:17","guid":{"rendered":"https:\/\/ruder-lenningen.de\/?page_id=119"},"modified":"2025-02-14T18:18:55","modified_gmt":"2025-02-14T17:18:55","slug":"willkommen","status":"publish","type":"page","link":"https:\/\/ruder-lenningen.de\/","title":{"rendered":"Willkommen"},"content":{"rendered":"\n<p>Herzlich Willkommen bei Ihrem <strong>Meisterbetrieb Ruder<\/strong> f\u00fcr Heizung, Sanit\u00e4r und Solar aus&nbsp;Lenningen!<\/p>\n\n\n\n<figure class=\"wp-block-image size-large is-resized\"><img fetchpriority=\"high\" decoding=\"async\" width=\"1024\" height=\"461\" src=\"http:\/\/ruder-lenningen.de\/wp-content\/uploads\/2025\/02\/logo_ruder-1024x461.jpg\" alt=\"\" class=\"wp-image-34\" style=\"width:306px;height:auto\" srcset=\"https:\/\/ruder-lenningen.de\/wp-content\/uploads\/2025\/02\/logo_ruder-1024x461.jpg 1024w, https:\/\/ruder-lenningen.de\/wp-content\/uploads\/2025\/02\/logo_ruder-300x135.jpg 300w, https:\/\/ruder-lenningen.de\/wp-content\/uploads\/2025\/02\/logo_ruder-768x346.jpg 768w, https:\/\/ruder-lenningen.de\/wp-content\/uploads\/2025\/02\/logo_ruder-1536x692.jpg 1536w, https:\/\/ruder-lenningen.de\/wp-content\/uploads\/2025\/02\/logo_ruder-2048x922.jpg 2048w, https:\/\/ruder-lenningen.de\/wp-content\/uploads\/2025\/02\/logo_ruder-1568x706.jpg 1568w\" sizes=\"(max-width: 706px) 89vw, (max-width: 767px) 82vw, 740px\" \/><\/figure>\n\n\n\n<p>Seit fast 20 Jahren planen, warten und montieren wir Heizanlagen und bei Sanit\u00e4rinstallationen f\u00fcr unser Kunden da. <br><br>Egal ob es um eine neue Heizungsanlahgen, die Wartung und Reparatur von bestehenden Heizanlagen, ein neues Bad, ein tropfender Wasserhahn oder Anlagen zur thermischen Wassererw\u00e4rmung geht: <br><br><strong>Bei uns sind Sie richtig!<\/strong><br><br>Als Meisterbetrieb gehen wir auf Ihre Bed\u00fcrfnisse ein und beraten Sie kompetent!<br><br>Sei es bei der Installation von neuen Heizungsanlagen, der Reparatur oder Wartung:<br><strong>Bei uns bekommen Sie das f\u00fcr Sie wirtschaftlich passende Angebot.<\/strong><br><\/p>\n\n\n\n<figure class=\"wp-block-image size-full is-resized is-style-default\"><img decoding=\"async\" width=\"463\" height=\"498\" src=\"https:\/\/ruder-lenningen.de\/wp-content\/uploads\/2025\/02\/Haus_daumen_hoch.jpg\" alt=\"\" class=\"wp-image-122\" style=\"width:213px;height:auto\" srcset=\"https:\/\/ruder-lenningen.de\/wp-content\/uploads\/2025\/02\/Haus_daumen_hoch.jpg 463w, https:\/\/ruder-lenningen.de\/wp-content\/uploads\/2025\/02\/Haus_daumen_hoch-279x300.jpg 279w\" sizes=\"(max-width: 463px) 100vw, 463px\" \/><\/figure>\n\n\n\n<p>Wir installieren und warten neben \u00d6l- und Gasheizungen auch St\u00fcckholz- und Pelletsheizungen. Egal ob Neu- oder Umbau: Da wir zertizierter Partner von Holzfeueranlagen von Fr\u00f6hlich und der Firma Bosch\/Junkers sind, k\u00f6nnen wir Ihnen die f\u00fcr Sie passende L\u00f6sung anbieten.<\/p>\n","protected":false},"excerpt":{"rendered":"<p>Herzlich Willkommen bei Ihrem Meisterbetrieb Ruder f\u00fcr Heizung, Sanit\u00e4r und Solar aus&nbsp;Lenningen! Seit fast 20 Jahren planen, warten und montieren wir Heizanlagen und bei Sanit\u00e4rinstallationen f\u00fcr unser Kunden da. Egal ob es um eine neue Heizungsanlahgen, die Wartung und Reparatur von bestehenden Heizanlagen, ein neues Bad, ein tropfender Wasserhahn oder Anlagen zur thermischen Wassererw\u00e4rmung geht: &hellip; <\/p>\n<p class=\"link-more\"><a href=\"https:\/\/ruder-lenningen.de\/\" class=\"more-link\"><span class=\"screen-reader-text\">\u201eWillkommen\u201c <\/span>weiterlesen<\/a><\/p>\n","protected":false},"author":1,"featured_media":0,"parent":0,"menu_order":0,"comment_status":"closed","ping_status":"closed","template":"","meta":{"footnotes":""},"class_list":["post-119","page","type-page","status-publish","hentry"],"_links":{"self":[{"href":"https:\/\/ruder-lenningen.de\/index.php?rest_route=\/wp\/v2\/pages\/119","targetHints":{"allow":["GET"]}}],"collection":[{"href":"https:\/\/ruder-lenningen.de\/index.php?rest_route=\/wp\/v2\/pages"}],"about":[{"href":"https:\/\/ruder-lenningen.de\/index.php?rest_route=\/wp\/v2\/types\/page"}],"author":[{"embeddable":true,"href":"https:\/\/ruder-lenningen.de\/index.php?rest_route=\/wp\/v2\/users\/1"}],"replies":[{"embeddable":true,"href":"https:\/\/ruder-lenningen.de\/index.php?rest_route=%2Fwp%2Fv2%2Fcomments&post=119"}],"version-history":[{"count":4,"href":"https:\/\/ruder-lenningen.de\/index.php?rest_route=\/wp\/v2\/pages\/119\/revisions"}],"predecessor-version":[{"id":125,"href":"https:\/\/ruder-lenningen.de\/index.php?rest_route=\/wp\/v2\/pages\/119\/revisions\/125"}],"wp:attachment":[{"href":"https:\/\/ruder-lenningen.de\/index.php?rest_route=%2Fwp%2Fv2%2Fmedia&parent=119"}],"curies":[{"name":"wp","href":"https:\/\/api.w.org\/{rel}","templated":true}]}}